{"id":231,"date":"2020-10-03T17:14:03","date_gmt":"2020-10-03T17:14:03","guid":{"rendered":"https:\/\/patiorio.com\/coach\/?page_id=231"},"modified":"2022-03-03T09:28:29","modified_gmt":"2022-03-03T08:28:29","slug":"chi-sono","status":"publish","type":"page","link":"https:\/\/patiorio.com\/coach\/chi-sono\/","title":{"rendered":"Chi sono"},"content":{"rendered":"<p><div class=\"fusion-fullwidth fullwidth-box fusion-builder-row-1 fusion-flex-container nonhundred-percent-fullwidth non-hundred-percent-height-scrolling fusion-animated\" style=\"background-color: rgba(255,255,255,0);background-position: center center;background-repeat: no-repeat;border-width: 0px 0px 0px 0px;border-color:#e2e2e2;border-style:solid;\" data-animationType=\"fadeInUp\" data-animationDuration=\"1.2\" data-animationOffset=\"top-into-view\" ><div class=\"fusion-builder-row fusion-row fusion-flex-align-items-flex-start\" style=\"max-width:1365px;margin-left: calc(-5% \/ 2 );margin-right: calc(-5% \/ 2 );\"><div class=\"fusion-layout-column fusion_builder_column fusion-builder-column-0 fusion_builder_column_1_2 1_2 fusion-flex-column\"><div class=\"fusion-column-wrapper fusion-flex-justify-content-flex-start fusion-content-layout-column\" style=\"background-position:left top;background-blend-mode: overlay;background-repeat:no-repeat;-webkit-background-size:cover;-moz-background-size:cover;-o-background-size:cover;background-size:cover;padding: 10px 0px 0px 0px;\"><div class=\"fusion-text fusion-text-1\"><p>Italo Calvino scriveva : &#8220;Ogni vita \u00e8 un&#8217;enciclopedia, una biblioteca, un inventario d&#8217;oggetti, un campionario di stili, dove tutto pu\u00f2 essere continuamente rimescolato e riordinato in tutti i modi possibili.&#8221; Il Coaching pu\u00f2 aiutarci a creare la combinazione utile per un Nuovo Sguardo ed una ritrovata Resilienza.\u00a0<\/p>\n<\/div><\/div><style type=\"text\/css\">.fusion-body .fusion-builder-column-0{width:50% !important;margin-top : 0px;margin-bottom : 0px;}.fusion-builder-column-0 > .fusion-column-wrapper {padding-top : 10px !important;padding-right : 0px !important;margin-right : 3.8%;padding-bottom : 0px !important;padding-left : 0px !important;margin-left : 3.8%;}@media only screen and (max-width:1177px) {.fusion-body .fusion-builder-column-0{width:50% !important;}.fusion-builder-column-0 > .fusion-column-wrapper {margin-right : 3.8%;margin-left : 3.8%;}}@media only screen and (max-width:700px) {.fusion-body .fusion-builder-column-0{width:100% !important;}.fusion-builder-column-0 > .fusion-column-wrapper {margin-right : 2.375%;margin-left : 2.375%;}}<\/style><\/div><div class=\"fusion-layout-column fusion_builder_column fusion-builder-column-1 fusion_builder_column_1_2 1_2 fusion-flex-column\"><div class=\"fusion-column-wrapper fusion-flex-justify-content-flex-start fusion-content-layout-column\" style=\"background-position:left top;background-blend-mode: overlay;background-repeat:no-repeat;-webkit-background-size:cover;-moz-background-size:cover;-o-background-size:cover;background-size:cover;padding: 10px 0px 0px 0px;\"><div class=\"fusion-text fusion-text-2\"><p>La Resilienza \u00e8 la capacit\u00e0 di fare fronte in maniera positiva ad eventi traumatici, di riorganizzare positivamente la propria vita dinanzi alle difficolt\u00e0, di ricostruirsi restando sensibili alle opportunit\u00e0 positive che la vita offre, senza alienare la propria identit\u00e0.<\/p>\n<\/div><\/div><style type=\"text\/css\">.fusion-body .fusion-builder-column-1{width:50% !important;margin-top : 0px;margin-bottom : 0px;}.fusion-builder-column-1 > .fusion-column-wrapper {padding-top : 10px !important;padding-right : 0px !important;margin-right : 4.75%;padding-bottom : 0px !important;padding-left : 0px !important;margin-left : 3.8%;}@media only screen and (max-width:1177px) {.fusion-body .fusion-builder-column-1{width:50% !important;}.fusion-builder-column-1 > .fusion-column-wrapper {margin-right : 4.75%;margin-left : 3.8%;}}@media only screen and (max-width:700px) {.fusion-body .fusion-builder-column-1{width:100% !important;}.fusion-builder-column-1 > .fusion-column-wrapper {margin-right : 2.375%;margin-left : 2.375%;}}<\/style><\/div><\/div><style type=\"text\/css\">.fusion-body .fusion-flex-container.fusion-builder-row-1{ padding-top : 2vw;margin-top : 0px;padding-right : 0px;padding-bottom : 7vw;margin-bottom : 0px;padding-left : 0px;}@media only screen and (max-width:700px) {.fusion-body .fusion-flex-container.fusion-builder-row-1{ padding-top : 0px;padding-right : 12vw;padding-bottom : 12vw;padding-left : 12vw;}}<\/style><\/div><div class=\"fusion-fullwidth fullwidth-box fusion-builder-row-2 fusion-flex-container hundred-percent-fullwidth non-hundred-percent-height-scrolling\" style=\"background-color: #fbf7f3;background-position: center center;background-repeat: no-repeat;border-width: 0px 0px 0px 0px;border-color:#e8efef;border-style:solid;\" ><div class=\"fusion-builder-row fusion-row fusion-flex-align-items-stretch\" style=\"width:calc( 100% + 0px ) !important;max-width:calc( 100% + 0px ) !important;margin-left: calc(-0px \/ 2 );margin-right: calc(-0px \/ 2 );\"><div class=\"fusion-layout-column fusion_builder_column fusion-builder-column-2 fusion_builder_column_1_2 1_2 fusion-flex-column\"><div class=\"fusion-column-wrapper lazyload fusion-flex-justify-content-flex-start fusion-content-layout-column fusion-empty-column-bg-image\" style=\"background-position:center center;background-repeat:no-repeat;-webkit-background-size:cover;-moz-background-size:cover;-o-background-size:cover;background-size:cover;padding: 0px 0px 0px 0px;\" data-bg-url=\"https:\/\/patiorio.com\/coach\/wp-content\/uploads\/sites\/2\/2022\/02\/Chi-siamo-Coach-Specchio.webp\" data-bg=\"https:\/\/patiorio.com\/coach\/wp-content\/uploads\/sites\/2\/2022\/02\/Chi-siamo-Coach-Specchio.webp\"><img decoding=\"async\" class=\"fusion-empty-dims-img-placeholder fusion-no-large-visibility fusion-no-medium-visibility\" src=\"data:image\/svg+xml,%3Csvg%20xmlns%3D%27http%3A%2F%2Fwww.w3.org%2F2000%2Fsvg%27%20width%3D%27900%27%20height%3D%27900%27%20viewBox%3D%270%200%20900%20900%27%3E%3Crect%20width%3D%27900%27%20height%3D%27900%27%20fill-opacity%3D%220%22%2F%3E%3C%2Fsvg%3E\"><\/div><style type=\"text\/css\">.fusion-body .fusion-builder-column-2{width:50% !important;margin-top : 0px;margin-bottom : 0px;}.fusion-builder-column-2 > .fusion-column-wrapper {padding-top : 0px !important;padding-right : 0px !important;margin-right : 0;padding-bottom : 0px !important;padding-left : 0px !important;margin-left : 0;}@media only screen and (max-width:1177px) {.fusion-body .fusion-builder-column-2{width:50% !important;order : 0;}.fusion-builder-column-2 > .fusion-column-wrapper {margin-right : 0;margin-left : 0;}}@media only screen and (max-width:700px) {.fusion-body .fusion-builder-column-2{width:100% !important;order : 0;}.fusion-builder-column-2 > .fusion-column-wrapper {margin-right : 0;margin-left : 0;}}<\/style><\/div><div class=\"fusion-layout-column fusion_builder_column fusion-builder-column-3 fusion_builder_column_1_2 1_2 fusion-flex-column\"><div class=\"fusion-column-wrapper fusion-flex-justify-content-flex-start fusion-content-layout-column\" style=\"background-position:left top;background-repeat:no-repeat;-webkit-background-size:cover;-moz-background-size:cover;-o-background-size:cover;background-size:cover;padding: 13vh 6vw 13vh 6vw;\"><div class=\"fusion-text fusion-text-3\" style=\"text-align:center;font-size:15px;letter-spacing:4px;color:#027777;font-family:&quot;Work Sans&quot;;font-weight:500;\"><p>RESPICERE: NUOVO SGUARDO SUL PROPRIO PERCORSO<\/p>\n<\/div><style type=\"text\/css\">@media only screen and (max-width:1177px) {.fusion-title.fusion-title-1{margin-top:10px!important; margin-right:0px!important;margin-bottom:30px!important;margin-left:0px!important;}}@media only screen and (max-width:700px) {.fusion-title.fusion-title-1{margin-top:10px!important; margin-right:0px!important;margin-bottom:25px!important; margin-left:0px!important;}}<\/style><div class=\"fusion-title title fusion-title-1 fusion-no-large-visibility fusion-sep-none fusion-title-center fusion-title-text fusion-title-size-two\" style=\"font-size:48px;margin-top:10px;margin-right:0px;margin-bottom:30px;margin-left:0px;\"><h2 class=\"title-heading-center\" style=\"margin:0;font-size:1em;\">Lectus a sagittis malesuada posuere tristique viverra.<\/h2><\/div><style type=\"text\/css\">@media only screen and (max-width:1177px) {.fusion-title.fusion-title-2{margin-top:10px!important; margin-right:0px!important;margin-bottom:30px!important;margin-left:0px!important;}}@media only screen and (max-width:700px) {.fusion-title.fusion-title-2{margin-top:10px!important; margin-right:0px!important;margin-bottom:10px!important; margin-left:0px!important;}}<\/style><div class=\"fusion-title title fusion-title-2 fusion-no-small-visibility fusion-no-medium-visibility fusion-sep-none fusion-title-center fusion-title-text fusion-title-size-two\" style=\"font-size:46px;margin-top:10px;margin-right:0px;margin-bottom:30px;margin-left:0px;\"><h2 class=\"title-heading-center\" style=\"margin:0;font-size:1em;line-height:1.3;\">Guardare Insieme Attraverso lo Specchio: Progettare Insieme Fine Espiazione e Nuovi Inizi<\/h2><\/div><div class=\"fusion-text fusion-text-4\" style=\"text-align:center;\"><p style=\"width: 100%; margin: 0 auto;\">\u201cChi guarda da dentro sa che tutto \u00e8 nuovo. Il significato delle cose \u00e8 la possibilit\u00e0 \u2013 creata da voi stessi \u2013 di vivere in questo mondo\u2026\u201d Carl Gustav Jung- Il Libro Rosso Liber Novus<\/p>\n<\/div><\/div><style type=\"text\/css\">.fusion-body .fusion-builder-column-3{width:50% !important;margin-top : 0px;margin-bottom : 0px;}.fusion-builder-column-3 > .fusion-column-wrapper {padding-top : 13vh !important;padding-right : 6vw !important;margin-right : 0;padding-bottom : 13vh !important;padding-left : 6vw !important;margin-left : 0;}@media only screen and (max-width:1177px) {.fusion-body .fusion-builder-column-3{width:50% !important;order : 0;}.fusion-builder-column-3 > .fusion-column-wrapper {padding-top : 8vw !important;margin-right : 0;padding-bottom : 8vw !important;margin-left : 0;}}@media only screen and (max-width:700px) {.fusion-body .fusion-builder-column-3{width:100% !important;order : 1;}.fusion-builder-column-3 > .fusion-column-wrapper {padding-top : 10vh !important;margin-right : 0;padding-bottom : 10vh !important;margin-left : 0;}}<\/style><\/div><\/div><style type=\"text\/css\">.fusion-body .fusion-flex-container.fusion-builder-row-2{ padding-top : 0px;margin-top : 0px;padding-right : 0px;padding-bottom : 0px;margin-bottom : 0px;padding-left : 0px;}<\/style><\/div><div class=\"fusion-fullwidth fullwidth-box fusion-builder-row-3 fusion-flex-container nonhundred-percent-fullwidth non-hundred-percent-height-scrolling\" style=\"background-color: rgba(255,255,255,0);background-position: center center;background-repeat: no-repeat;border-width: 0px 0px 0px 0px;border-color:#e8efef;border-style:solid;\" ><div class=\"fusion-builder-row fusion-row fusion-flex-align-items-stretch\" style=\"max-width:1365px;margin-left: calc(-5% \/ 2 );margin-right: calc(-5% \/ 2 );\"><div class=\"fusion-layout-column fusion_builder_column fusion-builder-column-4 fusion_builder_column_3_5 3_5 fusion-flex-column\"><div class=\"fusion-column-wrapper fusion-flex-justify-content-flex-start fusion-content-layout-column\" style=\"background-position:left top;background-repeat:no-repeat;-webkit-background-size:cover;-moz-background-size:cover;-o-background-size:cover;background-size:cover;border-radius:6px 0px 0px 6px;background-color:#004c4c;border-radius:6px 0px 0px 6px;overflow:hidden;padding: 10vh 6vw 10vh 6vw;\"><style type=\"text\/css\">@media only screen and (max-width:1177px) {.fusion-title.fusion-title-3{margin-top:10px!important; margin-right:0px!important;margin-bottom:20px!important;margin-left:0px!important;}}@media only screen and (max-width:700px) {.fusion-title.fusion-title-3{margin-top:10px!important; margin-right:0px!important;margin-bottom:10px!important; margin-left:0px!important;}}<\/style><div class=\"fusion-title title fusion-title-3 fusion-sep-none fusion-title-text fusion-title-size-two\" style=\"margin-top:10px;margin-right:0px;margin-bottom:20px;margin-left:0px;\"><h2 class=\"title-heading-left\" style=\"margin:0;color:#ffffff;\"><p class=\"western\"><span lang=\"it-IT\">N<\/span><span lang=\"it-IT\">uova <\/span><span lang=\"it-IT\">R<\/span><span lang=\"it-IT\">isonanza<\/span><\/p><\/h2><\/div><div class=\"fusion-text fusion-text-5\" style=\"text-align:left;font-size:17px;line-height:1.9;color:#ffffff;\"><p>Ritrovare quel legame vibrante tra noi e il mondo quando non lo attraversiamo correndo.<\/p>\n<p>\u201cPrima sii libero, poi chiedi la libert\u00e0. Fernando Pessoa\u201d<\/p>\n<\/div><\/div><style type=\"text\/css\">.fusion-body .fusion-builder-column-4{width:60% !important;margin-top : 0px;margin-bottom : 3.5vw;}.fusion-builder-column-4 > .fusion-column-wrapper {padding-top : 10vh !important;padding-right : 6vw !important;margin-right : 0;padding-bottom : 10vh !important;padding-left : 6vw !important;margin-left : 3.9583333333333%;}@media only screen and (max-width:1177px) {.fusion-body .fusion-builder-column-4{width:60% !important;order : 0;}.fusion-builder-column-4 > .fusion-column-wrapper {padding-top : 8vw !important;margin-right : 0;padding-bottom : 8vw !important;margin-left : 3.9583333333333%;}}@media only screen and (max-width:700px) {.fusion-body .fusion-builder-column-4{width:83.333333333333% !important;order : 0;margin-bottom : 6vw;}.fusion-builder-column-4 > .fusion-column-wrapper {padding-top : 7vh !important;padding-right : 7vw !important;margin-right : 0;padding-bottom : 7vh !important;padding-left : 7vw !important;margin-left : 2.85%;}}<\/style><\/div><div class=\"fusion-layout-column fusion_builder_column fusion-builder-column-5 fusion_builder_column_2_5 2_5 fusion-flex-column\"><div class=\"fusion-column-wrapper lazyload fusion-flex-justify-content-flex-start fusion-content-layout-column fusion-empty-column-bg-image\" style=\"background-position:center center;background-repeat:no-repeat;-webkit-background-size:cover;-moz-background-size:cover;-o-background-size:cover;background-size:cover;border-radius:0px 6px 6px 0px;border-radius:0px 6px 6px 0px;overflow:hidden;padding: 0px 0px 0px 0px;\" data-bg-url=\"https:\/\/patiorio.com\/coach\/wp-content\/uploads\/sites\/2\/2022\/02\/Chi-sono-Coach-Nuova-risonanza.webp\" data-bg=\"https:\/\/patiorio.com\/coach\/wp-content\/uploads\/sites\/2\/2022\/02\/Chi-sono-Coach-Nuova-risonanza.webp\"><img decoding=\"async\" class=\"fusion-empty-dims-img-placeholder fusion-no-large-visibility fusion-no-medium-visibility\" src=\"data:image\/svg+xml,%3Csvg%20xmlns%3D%27http%3A%2F%2Fwww.w3.org%2F2000%2Fsvg%27%20width%3D%271280%27%20height%3D%271061%27%20viewBox%3D%270%200%201280%201061%27%3E%3Crect%20width%3D%271280%27%20height%3D%271061%27%20fill-opacity%3D%220%22%2F%3E%3C%2Fsvg%3E\"><\/div><style type=\"text\/css\">.fusion-body .fusion-builder-column-5{width:40% !important;margin-top : 0px;margin-bottom : 3.5vw;}.fusion-builder-column-5 > .fusion-column-wrapper {padding-top : 0px !important;padding-right : 0px !important;margin-right : 5.9375%;padding-bottom : 0px !important;padding-left : 0px !important;margin-left : 0;}@media only screen and (max-width:1177px) {.fusion-body .fusion-builder-column-5{width:40% !important;order : 0;}.fusion-builder-column-5 > .fusion-column-wrapper {margin-right : 5.9375%;margin-left : 0;}}@media only screen and (max-width:700px) {.fusion-body .fusion-builder-column-5{width:16.666666666667% !important;order : 1;margin-bottom : 6vw;}.fusion-builder-column-5 > .fusion-column-wrapper {margin-right : 14.25%;margin-left : 0;}}<\/style><\/div><\/div><style type=\"text\/css\">.fusion-body .fusion-flex-container.fusion-builder-row-3{ padding-top : 7vw;margin-top : 0px;padding-right : 0px;padding-bottom : 7vw;margin-bottom : 0px;padding-left : 0px;}<\/style><\/div><\/p>\n","protected":false},"excerpt":{"rendered":"","protected":false},"author":1,"featured_media":2039,"parent":0,"menu_order":0,"comment_status":"closed","ping_status":"closed","template":"100-width.php","meta":{"footnotes":""},"class_list":["post-231","page","type-page","status-publish","has-post-thumbnail","hentry"],"_links":{"self":[{"href":"https:\/\/patiorio.com\/coach\/wp-json\/wp\/v2\/pages\/231","targetHints":{"allow":["GET"]}}],"collection":[{"href":"https:\/\/patiorio.com\/coach\/wp-json\/wp\/v2\/pages"}],"about":[{"href":"https:\/\/patiorio.com\/coach\/wp-json\/wp\/v2\/types\/page"}],"author":[{"embeddable":true,"href":"https:\/\/patiorio.com\/coach\/wp-json\/wp\/v2\/users\/1"}],"replies":[{"embeddable":true,"href":"https:\/\/patiorio.com\/coach\/wp-json\/wp\/v2\/comments?post=231"}],"version-history":[{"count":16,"href":"https:\/\/patiorio.com\/coach\/wp-json\/wp\/v2\/pages\/231\/revisions"}],"predecessor-version":[{"id":2145,"href":"https:\/\/patiorio.com\/coach\/wp-json\/wp\/v2\/pages\/231\/revisions\/2145"}],"wp:featuredmedia":[{"embeddable":true,"href":"https:\/\/patiorio.com\/coach\/wp-json\/wp\/v2\/media\/2039"}],"wp:attachment":[{"href":"https:\/\/patiorio.com\/coach\/wp-json\/wp\/v2\/media?parent=231"}],"curies":[{"name":"wp","href":"https:\/\/api.w.org\/{rel}","templated":true}]}}