{"id":1000,"date":"2020-10-15T12:48:15","date_gmt":"2020-10-15T12:48:15","guid":{"rendered":"https:\/\/patiorio.com\/coach\/?page_id=1000"},"modified":"2022-02-17T09:10:07","modified_gmt":"2022-02-17T08:10:07","slug":"blog","status":"publish","type":"page","link":"https:\/\/patiorio.com\/coach\/blog\/","title":{"rendered":"Blog"},"content":{"rendered":"<p><div class=\"fusion-fullwidth fullwidth-box fusion-builder-row-1 fusion-flex-container nonhundred-percent-fullwidth non-hundred-percent-height-scrolling\" style=\"background-color: #004c4c;background-position: center top;background-repeat: repeat-x;border-width: 0px 3vw 0px 3vw;border-color:#ffffff;border-style:solid;\" ><div class=\"fusion-builder-row fusion-row fusion-flex-align-items-center\" style=\"max-width:calc( 1300px + 7vw );margin-left: calc(-7vw \/ 2 );margin-right: calc(-7vw \/ 2 );\"><div class=\"fusion-layout-column fusion_builder_column fusion-builder-column-0 fusion_builder_column_1_2 1_2 fusion-flex-column fusion-animated\" data-animationType=\"fadeInUp\" data-animationDuration=\"1.3\" data-animationOffset=\"top-into-view\"><div class=\"fusion-column-wrapper fusion-flex-justify-content-center fusion-content-layout-column\" style=\"background-position:left top;background-repeat:no-repeat;-webkit-background-size:cover;-moz-background-size:cover;-o-background-size:cover;background-size:cover;padding: 0px 0px 0px 0px;\"><div class=\"fusion-text fusion-text-1\" style=\"text-align:left;font-size:14px;letter-spacing:3px;color:#ffffff;\"><div class=\"fusion-text fusion-text-3\">\n<p>BLOG E VIDEO<\/p>\n<\/div>\n<\/div><div class=\"fusion-text fusion-text-2\" style=\"text-align:left;font-size:17px;color:#ffffff;\"><p>Scriver\u00f2 degli articoli di interesse e pubblicher\u00f2 video sugli argomenti pi\u00f9 richiesti, tieniti sempre aggiornato e se hai domande non esitare a contattarmi per email o con l\u2019apposito form dei contatti.<\/p>\n<\/div><\/div><style type=\"text\/css\">.fusion-body .fusion-builder-column-0{width:50% !important;margin-top : 0px;margin-bottom : 0px;}.fusion-builder-column-0 > .fusion-column-wrapper {padding-top : 0px !important;padding-right : 0px !important;margin-right : calc( 0.1 * calc( 100% - 7vw ) );padding-bottom : 0px !important;padding-left : 0px !important;margin-left : 3.5vw;}@media only screen and (max-width:1177px) {.fusion-body .fusion-builder-column-0{width:50% !important;}.fusion-builder-column-0 > .fusion-column-wrapper {margin-right : calc( 0.1 * calc( 100% - 7vw ) );margin-left : 3.5vw;}}@media only screen and (max-width:700px) {.fusion-body .fusion-builder-column-0{width:100% !important;margin-bottom : 9vw;}.fusion-builder-column-0 > .fusion-column-wrapper {margin-right : 3.5vw;margin-left : 3.5vw;}}<\/style><\/div><div class=\"fusion-layout-column fusion_builder_column fusion-builder-column-1 fusion_builder_column_1_2 1_2 fusion-flex-column fusion-animated\" data-animationType=\"fadeInUp\" data-animationDuration=\"1.3\" data-animationOffset=\"top-into-view\"><div class=\"fusion-column-wrapper fusion-flex-justify-content-center fusion-content-layout-column\" style=\"background-position:left top;background-repeat:no-repeat;-webkit-background-size:cover;-moz-background-size:cover;-o-background-size:cover;background-size:cover;padding: 0px 0px 0px 0px;\"><div class=\"fusion-text fusion-text-3\" style=\"text-align:left;font-size:14px;letter-spacing:3px;color:#ffffff;\"><p>CONSIGLI<\/p>\n<\/div><div class=\"fusion-text fusion-text-4\" style=\"text-align:left;font-size:17px;color:#ffffff;\"><p>Qui troverete dei consigli utili, estratti dei miei libri e riflessioni. La gestione dello stress, lo sviluppo delle competenze e la crescita dell\u2019intelligenza sociale ed emotiva saranno argomenti spesso trattati.<\/p>\n<\/div><\/div><style type=\"text\/css\">.fusion-body .fusion-builder-column-1{width:50% !important;margin-top : 0px;margin-bottom : 0px;}.fusion-builder-column-1 > .fusion-column-wrapper {padding-top : 0px !important;padding-right : 0px !important;margin-right : calc( 0.1 * calc( 100% - 7vw ) );padding-bottom : 0px !important;padding-left : 0px !important;margin-left : 3.5vw;}@media only screen and (max-width:1177px) {.fusion-body .fusion-builder-column-1{width:50% !important;}.fusion-builder-column-1 > .fusion-column-wrapper {margin-right : calc( 0.1 * calc( 100% - 7vw ) );margin-left : 3.5vw;}}@media only screen and (max-width:700px) {.fusion-body .fusion-builder-column-1{width:100% !important;}.fusion-builder-column-1 > .fusion-column-wrapper {margin-right : 3.5vw;margin-left : 3.5vw;}}<\/style><\/div><\/div><style type=\"text\/css\">.fusion-body .fusion-flex-container.fusion-builder-row-1{ padding-top : 1vw;margin-top : 0px;padding-right : 7vw;padding-bottom : 7vw;margin-bottom : 0px;padding-left : 7vw;}@media only screen and (max-width:1177px) {.fusion-body .fusion-flex-container.fusion-builder-row-1{ padding-bottom : 8vw;}}@media only screen and (max-width:700px) {.fusion-body .fusion-flex-container.fusion-builder-row-1{ padding-bottom : 14vw;}}<\/style><\/div><div class=\"fusion-fullwidth fullwidth-box fusion-builder-row-2 fusion-flex-container nonhundred-percent-fullwidth non-hundred-percent-height-scrolling\" style=\"background-color: rgba(255,255,255,0);background-position: center center;background-repeat: no-repeat;border-width: 0px 0px 0px 0px;border-color:#e2e2e2;border-style:solid;\" ><div class=\"fusion-builder-row fusion-row fusion-flex-align-items-flex-start\" style=\"max-width:1365px;margin-left: calc(-5% \/ 2 );margin-right: calc(-5% \/ 2 );\"><div class=\"fusion-layout-column fusion_builder_column fusion-builder-column-2 fusion_builder_column_1_1 1_1 fusion-flex-column\"><div class=\"fusion-column-wrapper fusion-flex-justify-content-flex-start fusion-content-layout-column\" style=\"background-position:left top;background-repeat:no-repeat;-webkit-background-size:cover;-moz-background-size:cover;-o-background-size:cover;background-size:cover;padding: 0px 0px 0px 0px;\"><div class=\"fusion-blog-shortcode fusion-blog-shortcode-1 fusion-blog-archive fusion-blog-layout-grid-wrapper fusion-blog-pagination\"><style type=\"text\/css\">.fusion-blog-shortcode-1 .fusion-blog-layout-grid .fusion-post-grid{padding:20px;}.fusion-blog-shortcode-1 .fusion-posts-container{margin-left: -20px !important; margin-right:-20px !important;}<\/style><div class=\"fusion-posts-container fusion-posts-container-pagination fusion-blog-rollover fusion-blog-layout-grid fusion-blog-layout-grid-3 isotope\" data-pages=\"1\" data-grid-col-space=\"40\" style=\"margin: -20px -20px 0;min-height:500px;\"><article id=\"blog-1-post-1336\" class=\"fusion-post-grid post-1336 post type-post status-publish format-standard has-post-thumbnail hentry category-presentazione-libro tag-presentazione-libro tag-respicere\">\n<div class=\"fusion-post-wrapper\" style=\"background-color:rgba(255,255,255,0);border:none;\">\n\n\t\t\t<div class=\"fusion-flexslider flexslider fusion-flexslider-loading fusion-post-slideshow\" style=\"border-color:rgba(255,255,255,0);\">\n\t\t<ul class=\"slides\">\n\t\t\t\n\t\t\t\t\t\t\t\t\t\t\t\t\t\t<li><div  class=\"fusion-image-wrapper\" aria-haspopup=\"true\">\n\t\t\t\t<img fetchpriority=\"high\" decoding=\"async\" width=\"2048\" height=\"1340\" src=\"https:\/\/patiorio.com\/coach\/wp-content\/uploads\/sites\/2\/2020\/10\/Libro-Respicere.webp\" class=\"attachment-full size-full lazyload wp-post-image\" alt=\"\" srcset=\"data:image\/svg+xml,%3Csvg%20xmlns%3D%27http%3A%2F%2Fwww.w3.org%2F2000%2Fsvg%27%20width%3D%272048%27%20height%3D%271340%27%20viewBox%3D%270%200%202048%201340%27%3E%3Crect%20width%3D%272048%27%20height%3D%271340%27%20fill-opacity%3D%220%22%2F%3E%3C%2Fsvg%3E\" data-orig-src=\"https:\/\/patiorio.com\/coach\/wp-content\/uploads\/sites\/2\/2020\/10\/Libro-Respicere.webp\" data-srcset=\"https:\/\/patiorio.com\/coach\/wp-content\/uploads\/sites\/2\/2020\/10\/Libro-Respicere-200x131.webp 200w, https:\/\/patiorio.com\/coach\/wp-content\/uploads\/sites\/2\/2020\/10\/Libro-Respicere-300x196.webp 300w, https:\/\/patiorio.com\/coach\/wp-content\/uploads\/sites\/2\/2020\/10\/Libro-Respicere-400x262.webp 400w, https:\/\/patiorio.com\/coach\/wp-content\/uploads\/sites\/2\/2020\/10\/Libro-Respicere-600x393.webp 600w, https:\/\/patiorio.com\/coach\/wp-content\/uploads\/sites\/2\/2020\/10\/Libro-Respicere-768x503.webp 768w, https:\/\/patiorio.com\/coach\/wp-content\/uploads\/sites\/2\/2020\/10\/Libro-Respicere-800x523.webp 800w, https:\/\/patiorio.com\/coach\/wp-content\/uploads\/sites\/2\/2020\/10\/Libro-Respicere-1024x670.webp 1024w, https:\/\/patiorio.com\/coach\/wp-content\/uploads\/sites\/2\/2020\/10\/Libro-Respicere-1200x785.webp 1200w, https:\/\/patiorio.com\/coach\/wp-content\/uploads\/sites\/2\/2020\/10\/Libro-Respicere-1536x1005.webp 1536w, https:\/\/patiorio.com\/coach\/wp-content\/uploads\/sites\/2\/2020\/10\/Libro-Respicere.webp 2048w\" data-sizes=\"auto\" \/><div class=\"fusion-rollover\">\n\t<div class=\"fusion-rollover-content\">\n\n\t\t\t\t\n\t\t\n\t\t\t\t\t\t\t\t\t\t\t\t<h4 class=\"fusion-rollover-title\">\n\t\t\t\t\t<a class=\"fusion-rollover-title-link\" href=\"https:\/\/patiorio.com\/coach\/2020\/10\/20\/entregarrespicere-ed-i-22-arcani-maggiori\/\">\n\t\t\t\t\t\tEntregar,Respicere ed i 22 Arcani Maggiori\t\t\t\t\t<\/a>\n\t\t\t\t<\/h4>\n\t\t\t\n\t\t\t\t\t\t\t\t\t\t<div class=\"fusion-rollover-categories\"><a href=\"https:\/\/patiorio.com\/coach\/category\/presentazione-libro\/\" rel=\"tag\">Presentazione Libro<\/a><\/div>\t\t\t\t\t\n\t\t\n\t\t\t\t\t\t<a class=\"fusion-link-wrapper\" href=\"https:\/\/patiorio.com\/coach\/2020\/10\/20\/entregarrespicere-ed-i-22-arcani-maggiori\/\" aria-label=\"Entregar,Respicere ed i 22 Arcani Maggiori\"><\/a>\n\t<\/div>\n<\/div>\n<\/div>\n<\/li>\n\t\t\t\n\t\t\t\n\t\t\t\t\t\t\t\t\t\t\t\t\t\t\t\t\t\t\t\t\t\t\t\t\t\t\t\t\t\t\t\t\t\t\t\t\t\t\t\t\t\t\t\t\t\t\t\t\t\t\t\t\t\t\t\t\t\t\t\t\t\t\t\t\t\t\t\t<\/ul>\n\t<\/div>\n\t<div class=\"fusion-post-content-wrapper\" style=\"padding:30px 25px 25px 25px;\"><div class=\"fusion-post-content post-content\"><h2 class=\"blog-shortcode-post-title entry-title\"><a href=\"https:\/\/patiorio.com\/coach\/2020\/10\/20\/entregarrespicere-ed-i-22-arcani-maggiori\/\">Entregar,Respicere ed i 22 Arcani Maggiori<\/a><\/h2><p class=\"fusion-single-line-meta\">By <span class=\"vcard\"><span class=\"fn\"><a href=\"https:\/\/patiorio.com\/coach\/author\/patiorio33\/\" title=\"Articoli scritti da Patrizia Iorio\" rel=\"author\">Patrizia Iorio<\/a><\/span><\/span><span class=\"fusion-inline-sep\">|<\/span><span class=\"updated\" style=\"display:none;\">2022-03-01T08:36:40+01:00<\/span><span>20 Ottobre 2020<\/span><span class=\"fusion-inline-sep\">|<\/span>Categories: <a href=\"https:\/\/patiorio.com\/coach\/category\/presentazione-libro\/\" rel=\"category tag\">Presentazione Libro<\/a><span class=\"fusion-inline-sep\">|<\/span><span class=\"meta-tags\">Tags: <a href=\"https:\/\/patiorio.com\/coach\/tag\/presentazione-libro\/\" rel=\"tag\">Presentazione Libro<\/a>, <a href=\"https:\/\/patiorio.com\/coach\/tag\/respicere\/\" rel=\"tag\">Respicere<\/a><\/span><span class=\"fusion-inline-sep\">|<\/span><\/p><div class=\"fusion-content-sep sep-none\" style=\"border-color:#e2e2e2;\"><\/div><div class=\"fusion-post-content-container\"><p> Presentazione del libro: \"Come nell\u2019 \u201cAutobiografia degli Undici Passi-To [...]<\/p><\/div><\/div><div class=\"fusion-meta-info\"><div class=\"fusion-alignleft\"><a class=\"fusion-read-more\" href=\"https:\/\/patiorio.com\/coach\/2020\/10\/20\/entregarrespicere-ed-i-22-arcani-maggiori\/\" aria-label=\"More on Entregar,Respicere ed i 22 Arcani Maggiori\">Read More<\/a><\/div><div class=\"fusion-alignright\"><a href=\"https:\/\/patiorio.com\/coach\/2020\/10\/20\/entregarrespicere-ed-i-22-arcani-maggiori\/#respond\"><i class=\"awb-icon-bubbles\" aria-hidden=\"true\"><\/i>&nbsp;0<\/a><\/div><\/div><\/div><div class=\"fusion-clearfix\"><\/div><\/div>\n<\/article>\n<article id=\"blog-1-post-1323\" class=\"fusion-post-grid post-1323 post type-post status-publish format-standard has-post-thumbnail hentry category-presentazione-libro tag-libro tag-locandina\">\n<div class=\"fusion-post-wrapper\" style=\"background-color:rgba(255,255,255,0);border:none;\">\n\n\t\t\t<div class=\"fusion-flexslider flexslider fusion-flexslider-loading fusion-post-slideshow\" style=\"border-color:rgba(255,255,255,0);\">\n\t\t<ul class=\"slides\">\n\t\t\t\n\t\t\t\t\t\t\t\t\t\t\t\t\t\t<li><div  class=\"fusion-image-wrapper\" aria-haspopup=\"true\">\n\t\t\t\t<img decoding=\"async\" width=\"2048\" height=\"1340\" src=\"https:\/\/patiorio.com\/coach\/wp-content\/uploads\/sites\/2\/2020\/10\/misty-forest-black-white.webp\" class=\"attachment-full size-full lazyload wp-post-image\" alt=\"misty-forest-black-white\" srcset=\"data:image\/svg+xml,%3Csvg%20xmlns%3D%27http%3A%2F%2Fwww.w3.org%2F2000%2Fsvg%27%20width%3D%272048%27%20height%3D%271340%27%20viewBox%3D%270%200%202048%201340%27%3E%3Crect%20width%3D%272048%27%20height%3D%271340%27%20fill-opacity%3D%220%22%2F%3E%3C%2Fsvg%3E\" data-orig-src=\"https:\/\/patiorio.com\/coach\/wp-content\/uploads\/sites\/2\/2020\/10\/misty-forest-black-white.webp\" data-srcset=\"https:\/\/patiorio.com\/coach\/wp-content\/uploads\/sites\/2\/2020\/10\/misty-forest-black-white-200x131.webp 200w, https:\/\/patiorio.com\/coach\/wp-content\/uploads\/sites\/2\/2020\/10\/misty-forest-black-white-300x196.webp 300w, https:\/\/patiorio.com\/coach\/wp-content\/uploads\/sites\/2\/2020\/10\/misty-forest-black-white-400x262.webp 400w, https:\/\/patiorio.com\/coach\/wp-content\/uploads\/sites\/2\/2020\/10\/misty-forest-black-white-600x393.webp 600w, https:\/\/patiorio.com\/coach\/wp-content\/uploads\/sites\/2\/2020\/10\/misty-forest-black-white-768x503.webp 768w, https:\/\/patiorio.com\/coach\/wp-content\/uploads\/sites\/2\/2020\/10\/misty-forest-black-white-800x523.webp 800w, https:\/\/patiorio.com\/coach\/wp-content\/uploads\/sites\/2\/2020\/10\/misty-forest-black-white-1024x670.webp 1024w, https:\/\/patiorio.com\/coach\/wp-content\/uploads\/sites\/2\/2020\/10\/misty-forest-black-white-1200x785.webp 1200w, https:\/\/patiorio.com\/coach\/wp-content\/uploads\/sites\/2\/2020\/10\/misty-forest-black-white-1536x1005.webp 1536w, https:\/\/patiorio.com\/coach\/wp-content\/uploads\/sites\/2\/2020\/10\/misty-forest-black-white.webp 2048w\" data-sizes=\"auto\" \/><div class=\"fusion-rollover\">\n\t<div class=\"fusion-rollover-content\">\n\n\t\t\t\t\n\t\t\n\t\t\t\t\t\t\t\t\t\t\t\t<h4 class=\"fusion-rollover-title\">\n\t\t\t\t\t<a class=\"fusion-rollover-title-link\" href=\"https:\/\/patiorio.com\/coach\/2020\/10\/20\/locandina-libro\/\">\n\t\t\t\t\t\tLocandina Libro\t\t\t\t\t<\/a>\n\t\t\t\t<\/h4>\n\t\t\t\n\t\t\t\t\t\t\t\t\t\t<div class=\"fusion-rollover-categories\"><a href=\"https:\/\/patiorio.com\/coach\/category\/presentazione-libro\/\" rel=\"tag\">Presentazione Libro<\/a><\/div>\t\t\t\t\t\n\t\t\n\t\t\t\t\t\t<a class=\"fusion-link-wrapper\" href=\"https:\/\/patiorio.com\/coach\/2020\/10\/20\/locandina-libro\/\" aria-label=\"Locandina Libro\"><\/a>\n\t<\/div>\n<\/div>\n<\/div>\n<\/li>\n\t\t\t\n\t\t\t\n\t\t\t\t\t\t\t\t\t\t\t\t\t\t\t\t\t\t\t\t\t\t\t\t\t\t\t\t\t\t\t\t\t\t\t\t\t\t\t\t\t\t\t\t\t\t\t\t\t\t\t\t\t\t\t\t\t\t\t\t\t\t\t\t\t\t\t\t<\/ul>\n\t<\/div>\n\t<div class=\"fusion-post-content-wrapper\" style=\"padding:30px 25px 25px 25px;\"><div class=\"fusion-post-content post-content\"><h2 class=\"blog-shortcode-post-title entry-title\"><a href=\"https:\/\/patiorio.com\/coach\/2020\/10\/20\/locandina-libro\/\">Locandina Libro<\/a><\/h2><p class=\"fusion-single-line-meta\">By <span class=\"vcard\"><span class=\"fn\"><a href=\"https:\/\/patiorio.com\/coach\/author\/patiorio33\/\" title=\"Articoli scritti da Patrizia Iorio\" rel=\"author\">Patrizia Iorio<\/a><\/span><\/span><span class=\"fusion-inline-sep\">|<\/span><span class=\"updated\" style=\"display:none;\">2022-03-02T08:48:31+01:00<\/span><span>20 Ottobre 2020<\/span><span class=\"fusion-inline-sep\">|<\/span>Categories: <a href=\"https:\/\/patiorio.com\/coach\/category\/presentazione-libro\/\" rel=\"category tag\">Presentazione Libro<\/a><span class=\"fusion-inline-sep\">|<\/span><span class=\"meta-tags\">Tags: <a href=\"https:\/\/patiorio.com\/coach\/tag\/libro\/\" rel=\"tag\">Libro<\/a>, <a href=\"https:\/\/patiorio.com\/coach\/tag\/locandina\/\" rel=\"tag\">Locandina<\/a><\/span><span class=\"fusion-inline-sep\">|<\/span><\/p><div class=\"fusion-content-sep sep-none\" style=\"border-color:#e2e2e2;\"><\/div><div class=\"fusion-post-content-container\"><p> \"Come nell\u2019 \u201cAutobiografia degli Undici Passi-To the Moon, \u201cStato [...]<\/p><\/div><\/div><div class=\"fusion-meta-info\"><div class=\"fusion-alignleft\"><a class=\"fusion-read-more\" href=\"https:\/\/patiorio.com\/coach\/2020\/10\/20\/locandina-libro\/\" aria-label=\"More on Locandina Libro\">Read More<\/a><\/div><div class=\"fusion-alignright\"><a href=\"https:\/\/patiorio.com\/coach\/2020\/10\/20\/locandina-libro\/#respond\"><i class=\"awb-icon-bubbles\" aria-hidden=\"true\"><\/i>&nbsp;0<\/a><\/div><\/div><\/div><div class=\"fusion-clearfix\"><\/div><\/div>\n<\/article>\n<div class=\"fusion-clearfix\"><\/div><\/div><\/div><\/div><style type=\"text\/css\">.fusion-body .fusion-builder-column-2{width:100% !important;margin-top : 0px;margin-bottom : 20px;}.fusion-builder-column-2 > .fusion-column-wrapper {padding-top : 0px !important;padding-right : 0px !important;margin-right : 2.375%;padding-bottom : 0px !important;padding-left : 0px !important;margin-left : 2.375%;}@media only screen and (max-width:1177px) {.fusion-body .fusion-builder-column-2{width:100% !important;order : 0;}.fusion-builder-column-2 > .fusion-column-wrapper {margin-right : 2.375%;margin-left : 2.375%;}}@media only screen and (max-width:700px) {.fusion-body .fusion-builder-column-2{width:100% !important;order : 0;}.fusion-builder-column-2 > .fusion-column-wrapper {margin-right : 2.375%;margin-left : 2.375%;}}<\/style><\/div><\/div><style type=\"text\/css\">.fusion-body .fusion-flex-container.fusion-builder-row-2{ padding-top : 7vw;margin-top : 0px;padding-right : 0px;padding-bottom : 7vw;margin-bottom : 0px;padding-left : 0px;}<\/style><\/div><\/p>\n","protected":false},"excerpt":{"rendered":"","protected":false},"author":1,"featured_media":2048,"parent":0,"menu_order":0,"comment_status":"closed","ping_status":"closed","template":"100-width.php","meta":{"footnotes":""},"class_list":["post-1000","page","type-page","status-publish","has-post-thumbnail","hentry"],"_links":{"self":[{"href":"https:\/\/patiorio.com\/coach\/wp-json\/wp\/v2\/pages\/1000","targetHints":{"allow":["GET"]}}],"collection":[{"href":"https:\/\/patiorio.com\/coach\/wp-json\/wp\/v2\/pages"}],"about":[{"href":"https:\/\/patiorio.com\/coach\/wp-json\/wp\/v2\/types\/page"}],"author":[{"embeddable":true,"href":"https:\/\/patiorio.com\/coach\/wp-json\/wp\/v2\/users\/1"}],"replies":[{"embeddable":true,"href":"https:\/\/patiorio.com\/coach\/wp-json\/wp\/v2\/comments?post=1000"}],"version-history":[{"count":12,"href":"https:\/\/patiorio.com\/coach\/wp-json\/wp\/v2\/pages\/1000\/revisions"}],"predecessor-version":[{"id":2085,"href":"https:\/\/patiorio.com\/coach\/wp-json\/wp\/v2\/pages\/1000\/revisions\/2085"}],"wp:featuredmedia":[{"embeddable":true,"href":"https:\/\/patiorio.com\/coach\/wp-json\/wp\/v2\/media\/2048"}],"wp:attachment":[{"href":"https:\/\/patiorio.com\/coach\/wp-json\/wp\/v2\/media?parent=1000"}],"curies":[{"name":"wp","href":"https:\/\/api.w.org\/{rel}","templated":true}]}}